{"id":2,"date":"2026-01-22T10:01:22","date_gmt":"2026-01-22T10:01:22","guid":{"rendered":"https:\/\/lencke-baden-baden.de\/?page_id=2"},"modified":"2026-04-14T18:16:50","modified_gmt":"2026-04-14T18:16:50","slug":"transparenzbekanntmachung","status":"publish","type":"page","link":"https:\/\/lencke-baden-baden.de\/","title":{"rendered":"Transparenzbekanntmachung"},"content":{"rendered":"\t\t<div data-elementor-type=\"wp-page\" data-elementor-id=\"2\" class=\"elementor elementor-2\" data-elementor-post-type=\"page\">\n\t\t\t\t<div class=\"elementor-element elementor-element-2c45c63f e-flex e-con-boxed e-con e-parent\" data-id=\"2c45c63f\" data-element_type=\"container\">\n\t\t\t\t\t<div class=\"e-con-inner\">\n\t\t\t\t<div class=\"elementor-element elementor-element-4237a82 elementor-widget elementor-widget-heading\" data-id=\"4237a82\" data-element_type=\"widget\" data-widget_type=\"heading.default\">\n\t\t\t\t\t<h1 class=\"elementor-heading-title elementor-size-default\">Transparenz&shy;bekanntmachung<\/h1>\t\t\t\t<\/div>\n\t\t\t\t<div class=\"elementor-element elementor-element-8a181a4 elementor-widget elementor-widget-text-editor\" data-id=\"8a181a4\" data-element_type=\"widget\" data-widget_type=\"text-editor.default\">\n\t\t\t\t\t\t\t\t\t<p>Angaben gem\u00e4\u00df Artikel 11 und 12 der Verordnung der EU \u00fcber die Transparenz und das Targeting politischer Werbung (TTPW-VO).<\/p>\t\t\t\t\t\t\t\t<\/div>\n\t\t\t\t<div class=\"elementor-element elementor-element-3c5cda7 elementor-widget-divider--view-line elementor-widget elementor-widget-divider\" data-id=\"3c5cda7\" data-element_type=\"widget\" data-widget_type=\"divider.default\">\n\t\t\t\t\t\t\t<div class=\"elementor-divider\">\n\t\t\t<span class=\"elementor-divider-separator\">\n\t\t\t\t\t\t<\/span>\n\t\t<\/div>\n\t\t\t\t\t\t<\/div>\n\t\t\t\t<div class=\"elementor-element elementor-element-977c186 elementor-widget elementor-widget-menu-anchor\" data-id=\"977c186\" data-element_type=\"widget\" data-widget_type=\"menu-anchor.default\">\n\t\t\t\t\t\t\t<div class=\"elementor-menu-anchor\" id=\"flyer\"><\/div>\n\t\t\t\t\t\t<\/div>\n\t\t\t\t<div class=\"elementor-element elementor-element-eeb7f3f elementor-widget elementor-widget-heading\" data-id=\"eeb7f3f\" data-element_type=\"widget\" data-widget_type=\"heading.default\">\n\t\t\t\t\t<h2 class=\"elementor-heading-title elementor-size-default\">Wahlwerbung von Lencke Wischhusen<\/h2>\t\t\t\t<\/div>\n\t\t\t\t<div class=\"elementor-element elementor-element-a3fb440 elementor-widget elementor-widget-text-editor\" data-id=\"a3fb440\" data-element_type=\"widget\" data-widget_type=\"text-editor.default\">\n\t\t\t\t\t\t\t\t\t<p>Es handelt sich hierbei um politische Werbung gem\u00e4\u00df TTPW-VO (2024\/900).<\/p>\t\t\t\t\t\t\t\t<\/div>\n\t\t\t\t<div class=\"elementor-element elementor-element-032540a elementor-widget elementor-widget-text-editor\" data-id=\"032540a\" data-element_type=\"widget\" data-widget_type=\"text-editor.default\">\n\t\t\t\t\t\t\t\t\t<p><strong>Hinweis:<\/strong> Als politische Werbung gilt die Ausarbeitung, Platzierung, F\u00f6rderung, Ver\u00f6ffentlichung, Zustellung oder Verbreitung einer Botschaft mithilfe eines beliebigen Mittels, die in der Regel gegen Entgelt oder im Rahmen interner T\u00e4tigkeiten bzw. als Teil einer politischen Werbekampagne erfolgt, sofern dies durch oder f\u00fcr einen politischen Akteur bzw. in dessen Namen geschieht oder dazu geeignet und darauf ausgerichtet ist, das Ergebnis einer Wahl bzw. eines Referendums, ein Abstimmungsverhalten oder einen Rechtsetzungs- bzw. Regulierungsprozess zu beeinflussen.<\/p>\t\t\t\t\t\t\t\t<\/div>\n\t\t\t\t<div class=\"elementor-element elementor-element-601c4ad elementor-widget-divider--view-line elementor-widget elementor-widget-divider\" data-id=\"601c4ad\" data-element_type=\"widget\" data-widget_type=\"divider.default\">\n\t\t\t\t\t\t\t<div class=\"elementor-divider\">\n\t\t\t<span class=\"elementor-divider-separator\">\n\t\t\t\t\t\t<\/span>\n\t\t<\/div>\n\t\t\t\t\t\t<\/div>\n\t\t\t\t<div class=\"elementor-element elementor-element-1a17c24 elementor-widget elementor-widget-menu-anchor\" data-id=\"1a17c24\" data-element_type=\"widget\" data-widget_type=\"menu-anchor.default\">\n\t\t\t\t\t\t\t<div class=\"elementor-menu-anchor\" id=\"sponsor\"><\/div>\n\t\t\t\t\t\t<\/div>\n\t\t\t\t<div class=\"elementor-element elementor-element-ce9d5bf elementor-widget elementor-widget-heading\" data-id=\"ce9d5bf\" data-element_type=\"widget\" data-widget_type=\"heading.default\">\n\t\t\t\t\t<h2 class=\"elementor-heading-title elementor-size-default\">Sponsor\n<\/h2>\t\t\t\t<\/div>\n\t\t\t\t<div class=\"elementor-element elementor-element-f018fa4 elementor-widget elementor-widget-text-editor\" data-id=\"f018fa4\" data-element_type=\"widget\" data-widget_type=\"text-editor.default\">\n\t\t\t\t\t\t\t\t\t<p>Lencke Wischhusen<br \/>Hauptstra\u00dfe 26<br \/>28865 Lilienthal<\/p><p><span style=\"text-decoration: underline;\"><a href=\"http:\/\/lencke.de\" target=\"_blank\" rel=\"noopener\">lencke.de<\/a><\/span><br \/><span style=\"text-decoration: underline;\"><a href=\"mailto:team@lencke.de\">team@lencke.de<\/a><br \/><a style=\"font-family: -apple-system, BlinkMacSystemFont, 'Segoe UI', Roboto, 'Helvetica Neue', Arial, 'Noto Sans', sans-serif, 'Apple Color Emoji', 'Segoe UI Emoji', 'Segoe UI Symbol', 'Noto Color Emoji';\" href=\"tel:+4901785318283\">+49 (0) 178 \/ 5318283<\/a><\/span><\/p>\t\t\t\t\t\t\t\t<\/div>\n\t\t\t\t<div class=\"elementor-element elementor-element-57c787d elementor-widget elementor-widget-text-editor\" data-id=\"57c787d\" data-element_type=\"widget\" data-widget_type=\"text-editor.default\">\n\t\t\t\t\t\t\t\t\t<p><strong>Hinweis:<\/strong> Eine kontrollierende Stelle sowie ein abweichender Finanzierer liegen nicht vor.<\/p>\t\t\t\t\t\t\t\t<\/div>\n\t\t\t\t<div class=\"elementor-element elementor-element-8b81b53 elementor-widget-divider--view-line elementor-widget elementor-widget-divider\" data-id=\"8b81b53\" data-element_type=\"widget\" data-widget_type=\"divider.default\">\n\t\t\t\t\t\t\t<div class=\"elementor-divider\">\n\t\t\t<span class=\"elementor-divider-separator\">\n\t\t\t\t\t\t<\/span>\n\t\t<\/div>\n\t\t\t\t\t\t<\/div>\n\t\t\t\t<div class=\"elementor-element elementor-element-b51eabd elementor-widget elementor-widget-menu-anchor\" data-id=\"b51eabd\" data-element_type=\"widget\" data-widget_type=\"menu-anchor.default\">\n\t\t\t\t\t\t\t<div class=\"elementor-menu-anchor\" id=\"zeitraum\"><\/div>\n\t\t\t\t\t\t<\/div>\n\t\t\t\t<div class=\"elementor-element elementor-element-f22e81c elementor-widget elementor-widget-heading\" data-id=\"f22e81c\" data-element_type=\"widget\" data-widget_type=\"heading.default\">\n\t\t\t\t\t<h2 class=\"elementor-heading-title elementor-size-default\">Zeitraum<\/h2>\t\t\t\t<\/div>\n\t\t\t\t<div class=\"elementor-element elementor-element-8b09ae3 elementor-widget elementor-widget-text-editor\" data-id=\"8b09ae3\" data-element_type=\"widget\" data-widget_type=\"text-editor.default\">\n\t\t\t\t\t\t\t\t\t<p>23.01.2026 bis 22.03.2026<\/p>\t\t\t\t\t\t\t\t<\/div>\n\t\t\t\t<div class=\"elementor-element elementor-element-5239066 elementor-widget-divider--view-line elementor-widget elementor-widget-divider\" data-id=\"5239066\" data-element_type=\"widget\" data-widget_type=\"divider.default\">\n\t\t\t\t\t\t\t<div class=\"elementor-divider\">\n\t\t\t<span class=\"elementor-divider-separator\">\n\t\t\t\t\t\t<\/span>\n\t\t<\/div>\n\t\t\t\t\t\t<\/div>\n\t\t\t\t<div class=\"elementor-element elementor-element-3345a1e elementor-widget elementor-widget-menu-anchor\" data-id=\"3345a1e\" data-element_type=\"widget\" data-widget_type=\"menu-anchor.default\">\n\t\t\t\t\t\t\t<div class=\"elementor-menu-anchor\" id=\"gesamtbetrag\"><\/div>\n\t\t\t\t\t\t<\/div>\n\t\t\t\t<div class=\"elementor-element elementor-element-311c64e elementor-widget elementor-widget-heading\" data-id=\"311c64e\" data-element_type=\"widget\" data-widget_type=\"heading.default\">\n\t\t\t\t\t<h2 class=\"elementor-heading-title elementor-size-default\">Betr\u00e4ge f\u00fcr politische Aktionen<\/h2>\t\t\t\t<\/div>\n\t\t\t\t<div class=\"elementor-element elementor-element-27cb744 elementor-widget elementor-widget-text-editor\" data-id=\"27cb744\" data-element_type=\"widget\" data-widget_type=\"text-editor.default\">\n\t\t\t\t\t\t\t\t\t<p>4.766,46 EUR (Flyer)<\/p><p>305,20 EUR (Beachflags)<\/p><p>930,40 EUR (City-Light-Poster)<\/p><p>425,89 EUR (Giveaways)<\/p><p>706,95 EUR (A1 Wahlplakate im \u00f6ffentlichen Raum)<\/p><p>126,00 EUR (Gro\u00dffl\u00e4che-Plakatierung)<\/p><p>1.692,79 EUR (W\u00e4hlerbriefe)<\/p><p>8.600,00 EUR (Plakataufstellung durch Dienstleistungsunternehmen)<\/p><p class=\"p1\">3.230,50 EUR (Anzeigen in Mitteilungssbl\u00e4ttern)<\/p><p class=\"p1\">1.050,92 EUR (Au\u00dfenwerbung Folierung)<\/p><p>69,00 EUR (Sonderplakatdruck)<\/p>\t\t\t\t\t\t\t\t<\/div>\n\t\t\t\t<div class=\"elementor-element elementor-element-181ab5a elementor-widget elementor-widget-text-editor\" data-id=\"181ab5a\" data-element_type=\"widget\" data-widget_type=\"text-editor.default\">\n\t\t\t\t\t\t\t\t\t<p><strong>Herkunft:<\/strong> privat, EU, durch Lencke Wischhusen und Spendeninitiative<br \/>Berechnungsmethode: Rechnungsbetr\u00e4ge, Netto-Preise<\/p>\t\t\t\t\t\t\t\t<\/div>\n\t\t\t\t<div class=\"elementor-element elementor-element-5c76329 elementor-widget-divider--view-line elementor-widget elementor-widget-divider\" data-id=\"5c76329\" data-element_type=\"widget\" data-widget_type=\"divider.default\">\n\t\t\t\t\t\t\t<div class=\"elementor-divider\">\n\t\t\t<span class=\"elementor-divider-separator\">\n\t\t\t\t\t\t<\/span>\n\t\t<\/div>\n\t\t\t\t\t\t<\/div>\n\t\t\t\t<div class=\"elementor-element elementor-element-0e802d1 elementor-widget elementor-widget-menu-anchor\" data-id=\"0e802d1\" data-element_type=\"widget\" data-widget_type=\"menu-anchor.default\">\n\t\t\t\t\t\t\t<div class=\"elementor-menu-anchor\" id=\"bezug\"><\/div>\n\t\t\t\t\t\t<\/div>\n\t\t\t\t<div class=\"elementor-element elementor-element-5d555e0 elementor-widget elementor-widget-heading\" data-id=\"5d555e0\" data-element_type=\"widget\" data-widget_type=\"heading.default\">\n\t\t\t\t\t<h2 class=\"elementor-heading-title elementor-size-default\">Bezug zu Wahlen\n<\/h2>\t\t\t\t<\/div>\n\t\t\t\t<div class=\"elementor-element elementor-element-539d060 elementor-widget elementor-widget-text-editor\" data-id=\"539d060\" data-element_type=\"widget\" data-widget_type=\"text-editor.default\">\n\t\t\t\t\t\t\t\t\t<p>Die politische Werbung steht im Zusammenhang mit der OB-Wahl in Baden-Baden am 8. M\u00e4rz 2026.<\/p>\t\t\t\t\t\t\t\t<\/div>\n\t\t\t\t<div class=\"elementor-element elementor-element-ac8e4c1 elementor-widget elementor-widget-button\" data-id=\"ac8e4c1\" data-element_type=\"widget\" data-widget_type=\"button.default\">\n\t\t\t\t\t\t\t\t\t\t<a class=\"elementor-button elementor-button-link elementor-size-sm\" href=\"https:\/\/www.baden-baden.de\/stadtportrait\/aktuelles\/wahlen\/oberbuergermeisterwahl\/\" target=\"_blank\">\n\t\t\t\t\t\t<span class=\"elementor-button-content-wrapper\">\n\t\t\t\t\t\t<span class=\"elementor-button-icon\">\n\t\t\t\t<svg aria-hidden=\"true\" class=\"e-font-icon-svg e-fas-chevron-circle-right\" viewBox=\"0 0 512 512\" xmlns=\"http:\/\/www.w3.org\/2000\/svg\"><path d=\"M256 8c137 0 248 111 248 248S393 504 256 504 8 393 8 256 119 8 256 8zm113.9 231L234.4 103.5c-9.4-9.4-24.6-9.4-33.9 0l-17 17c-9.4 9.4-9.4 24.6 0 33.9L285.1 256 183.5 357.6c-9.4 9.4-9.4 24.6 0 33.9l17 17c9.4 9.4 24.6 9.4 33.9 0L369.9 273c9.4-9.4 9.4-24.6 0-34z\"><\/path><\/svg>\t\t\t<\/span>\n\t\t\t\t\t\t\t\t\t<span class=\"elementor-button-text\">Weitere Informationen<\/span>\n\t\t\t\t\t<\/span>\n\t\t\t\t\t<\/a>\n\t\t\t\t\t\t\t\t<\/div>\n\t\t\t\t\t<\/div>\n\t\t\t\t<\/div>\n\t\t\t\t<\/div>\n\t\t","protected":false},"excerpt":{"rendered":"<p>Transparenz&shy;bekanntmachung Angaben gem\u00e4\u00df Artikel 11 und 12 der Verordnung der EU \u00fcber die Transparenz und das Targeting politischer Werbung (TTPW-VO). Wahlwerbung von Lencke Wischhusen Es handelt sich hierbei um politische Werbung gem\u00e4\u00df TTPW-VO (2024\/900). Hinweis: Als politische Werbung gilt die Ausarbeitung, Platzierung, F\u00f6rderung, Ver\u00f6ffentlichung, Zustellung oder Verbreitung einer Botschaft mithilfe eines beliebigen Mittels, die in [&hellip;]<\/p>\n","protected":false},"author":1,"featured_media":0,"parent":0,"menu_order":0,"comment_status":"closed","ping_status":"closed","template":"","meta":{"footnotes":""},"class_list":["post-2","page","type-page","status-publish","hentry"],"_links":{"self":[{"href":"https:\/\/lencke-baden-baden.de\/index.php?rest_route=\/wp\/v2\/pages\/2","targetHints":{"allow":["GET"]}}],"collection":[{"href":"https:\/\/lencke-baden-baden.de\/index.php?rest_route=\/wp\/v2\/pages"}],"about":[{"href":"https:\/\/lencke-baden-baden.de\/index.php?rest_route=\/wp\/v2\/types\/page"}],"author":[{"embeddable":true,"href":"https:\/\/lencke-baden-baden.de\/index.php?rest_route=\/wp\/v2\/users\/1"}],"replies":[{"embeddable":true,"href":"https:\/\/lencke-baden-baden.de\/index.php?rest_route=%2Fwp%2Fv2%2Fcomments&post=2"}],"version-history":[{"count":82,"href":"https:\/\/lencke-baden-baden.de\/index.php?rest_route=\/wp\/v2\/pages\/2\/revisions"}],"predecessor-version":[{"id":134,"href":"https:\/\/lencke-baden-baden.de\/index.php?rest_route=\/wp\/v2\/pages\/2\/revisions\/134"}],"wp:attachment":[{"href":"https:\/\/lencke-baden-baden.de\/index.php?rest_route=%2Fwp%2Fv2%2Fmedia&parent=2"}],"curies":[{"name":"wp","href":"https:\/\/api.w.org\/{rel}","templated":true}]}}